{"id":79,"date":"2026-03-17T10:50:17","date_gmt":"2026-03-17T10:50:17","guid":{"rendered":"https:\/\/yepcasino.org\/hu\/?page_id=79"},"modified":"2026-03-17T10:50:18","modified_gmt":"2026-03-17T10:50:18","slug":"promocios-kodok","status":"publish","type":"page","link":"https:\/\/yepcasino.org\/hu\/bonuszok\/promocios-kodok\/","title":{"rendered":"Yep Casino prom\u00f3k\u00f3dok"},"content":{"rendered":"\n<p>Ha szeretn\u00e9d a legt\u00f6bbet kihozni a Yep Casino \u00e9lm\u00e9nyedb\u0151l, a prom\u00f3k\u00f3dok remek lehet\u0151s\u00e9get k\u00edn\u00e1lnak, hogy k\u00fcl\u00f6nleges aj\u00e1nlatokat oldj fel \u00e9s m\u00e9g izgalmasabb\u00e1 tedd a j\u00e1t\u00e9kot. Ezekkel a k\u00f3dokkal izgalmas jutalmakat szerezhetsz, p\u00e9ld\u00e1ul ingyenes p\u00f6rget\u00e9seket, b\u00f3nusz \u00f6sszegeket vagy exkluz\u00edv b\u00f3nuszokat \u2013 mindezek n\u00f6velik a nyer\u00e9si es\u00e9lyeidet. A jutalmaknak k\u00f6sz\u00f6nhet\u0151en nem kell plusz p\u00e9nzt k\u00f6ltened ahhoz, hogy \u00e9lvezhesd az extra p\u00f6rget\u00e9seket, nagyobb b\u00f3nuszokat vagy egy\u00e9b el\u0151ny\u00f6ket. A l\u00e9nyeg, hogy a lehet\u0151 legt\u00f6bb es\u00e9lyed legyen a nyer\u00e9sre, an\u00e9lk\u00fcl hogy t\u00f6bbet kellene befektetned.<\/p>\n\n\n\n<style>\n  .signup-button {\n    background-color: #ffff00;\n    color: #222 !importatnt;\n    font-weight: bold;\n    font-size: 18px;\n    padding: 18px 160px;\n    min-width: 280px;\n    border: none;\n    border-radius: 10px;\n    cursor: pointer;\n    position: relative;\n    overflow: hidden;\n    transition: transform 0.3s ease, box-shadow 0.3s ease;\n    box-shadow: 0 0 15px #ffff00;\n    text-align: center;\n    text-decoration: none;\n    display: inline-block;\nanimation: pulse 1s infinite;\n  }\n  a.signup-button \n{\ncolor:#222 !important;\n}\n  .signup-button:hover {\n    transform: scale(1.05);\n    box-shadow: 0 0 25px rgba(245, 66, 197, 0.7);\n  }\n  .signup-button::before {\n    content: '';\n    position: absolute;\n    top: 0;\n    left: -75%;\n    width: 50%;\n    height: 100%;\n    background: linear-gradient(120deg, transparent, rgba(255,255,255,0.4), transparent);\n    transform: skewX(-25deg);\n    animation: shine 2.5s infinite;\n  }\n  @keyframes shine {\n    0% { left: -75%; }\n    100% { left: 125%; }\n  }\n\n\n@keyframes pulse {\n  0% { transform: scale(1); }\n  50% { transform: scale(1.1); }\n  100% { transform: scale(1); }\n}\n<\/style>\n\n<div style=\"display: flex; justify-content: center; align-items: center; padding: 50px 0;padding-top:10px;\">\n  <a href=\"\/visit\/\" \n     class=\"signup-button\" \n     target=\"_blank\" \n     rel=\"nofollow noopener noreferrer\">\n    Ig\u00e9nyeld most!\n  <\/a>\n<\/div>\n\n\n\n<p>B\u00e1r prom\u00f3ci\u00f3s k\u00f3dok nem mindig \u00e9rhet\u0151k el, amikor m\u00e9gis, egyedi m\u00f3don dobj\u00e1k fel a j\u00e1t\u00e9k\u00e9lm\u00e9nyt. Ezek a k\u00f3dok \u00e1ltal\u00e1ban k\u00fcl\u00f6nleges prom\u00f3ci\u00f3khoz, szezon\u00e1lis esem\u00e9nyekhez vagy exkluz\u00edv aj\u00e1nlatokhoz kapcsol\u00f3dnak, amelyeket \u00faj vagy visszat\u00e9r\u0151 j\u00e1t\u00e9kosok sz\u00e1m\u00e1ra k\u00edn\u00e1lnak. \u00c9rdemes rendszeresen \u00e1tn\u00e9zni a prom\u00f3ci\u00f3k oldal\u00e1t, hogy ne maradj le semmilyen izgalmas lehet\u0151s\u00e9gr\u0151l.<\/p>\n\n\n\n<div id=\"ez-toc-container\" class=\"ez-toc-v2_0_81 counter-hierarchy ez-toc-counter ez-toc-custom ez-toc-container-direction\">\n<div class=\"ez-toc-title-container\">\n<p class=\"ez-toc-title\" style=\"cursor:inherit\">Table of Contents<\/p>\n<span class=\"ez-toc-title-toggle\"><a href=\"#\" class=\"ez-toc-pull-right ez-toc-btn ez-toc-btn-xs ez-toc-btn-default ez-toc-toggle\" aria-label=\"Toggle Table of Content\"><span class=\"ez-toc-js-icon-con\"><span class=\"\"><span class=\"eztoc-hide\" style=\"display:none;\">Toggle<\/span><span class=\"ez-toc-icon-toggle-span\"><svg style=\"fill: #f7f8f9;color:#f7f8f9\" xmlns=\"http:\/\/www.w3.org\/2000\/svg\" class=\"list-377408\" width=\"20px\" height=\"20px\" viewBox=\"0 0 24 24\" fill=\"none\"><path d=\"M6 6H4v2h2V6zm14 0H8v2h12V6zM4 11h2v2H4v-2zm16 0H8v2h12v-2zM4 16h2v2H4v-2zm16 0H8v2h12v-2z\" fill=\"currentColor\"><\/path><\/svg><svg style=\"fill: #f7f8f9;color:#f7f8f9\" class=\"arrow-unsorted-368013\" xmlns=\"http:\/\/www.w3.org\/2000\/svg\" width=\"10px\" height=\"10px\" viewBox=\"0 0 24 24\" version=\"1.2\" baseProfile=\"tiny\"><path d=\"M18.2 9.3l-6.2-6.3-6.2 6.3c-.2.2-.3.4-.3.7s.1.5.3.7c.2.2.4.3.7.3h11c.3 0 .5-.1.7-.3.2-.2.3-.5.3-.7s-.1-.5-.3-.7zM5.8 14.7l6.2 6.3 6.2-6.3c.2-.2.3-.5.3-.7s-.1-.5-.3-.7c-.2-.2-.4-.3-.7-.3h-11c-.3 0-.5.1-.7.3-.2.2-.3.5-.3.7s.1.5.3.7z\"\/><\/svg><\/span><\/span><\/span><\/a><\/span><\/div>\n<nav><ul class='ez-toc-list ez-toc-list-level-1 eztoc-toggle-hide-by-default' ><li class='ez-toc-page-1 ez-toc-heading-level-2'><a class=\"ez-toc-link ez-toc-heading-1\" href=\"https:\/\/yepcasino.org\/hu\/bonuszok\/promocios-kodok\/#Hogyan_talalhatod_meg_a_legjobb_Yep_Casino_promocios_kodokat\" >Hogyan tal\u00e1lhatod meg a legjobb Yep Casino prom\u00f3ci\u00f3s k\u00f3dokat?<\/a><\/li><li class='ez-toc-page-1 ez-toc-heading-level-2'><a class=\"ez-toc-link ez-toc-heading-2\" href=\"https:\/\/yepcasino.org\/hu\/bonuszok\/promocios-kodok\/#Yep_Casino_promocios_kodok_listaja\" >Yep Casino prom\u00f3ci\u00f3s k\u00f3dok list\u00e1ja<\/a><\/li><li class='ez-toc-page-1 ez-toc-heading-level-2'><a class=\"ez-toc-link ez-toc-heading-3\" href=\"https:\/\/yepcasino.org\/hu\/bonuszok\/promocios-kodok\/#Yep_Casino_bonuszkodok_GYIK\" >Yep Casino b\u00f3nuszk\u00f3dok GYIK<\/a><\/li><\/ul><\/nav><\/div>\n<h2 class=\"wp-block-heading\"><span class=\"ez-toc-section\" id=\"Hogyan_talalhatod_meg_a_legjobb_Yep_Casino_promocios_kodokat\"><\/span>Hogyan tal\u00e1lhatod meg a legjobb Yep Casino prom\u00f3ci\u00f3s k\u00f3dokat?<span class=\"ez-toc-section-end\"><\/span><\/h2>\n\n\n\n<p>A legjobb Yep Casino prom\u00f3ci\u00f3s k\u00f3dok megtal\u00e1l\u00e1sa egyszer\u0171, ha ezt a n\u00e9gy l\u00e9p\u00e9st k\u00f6veted:<\/p>\n\n\n\n<ol class=\"wp-block-list\">\n<li><strong>Regisztr\u00e1lj vagy jelentkezz be<\/strong>: Ahhoz, hogy haszn\u00e1lhasd a Yep Casino prom\u00f3ci\u00f3s k\u00f3dokat, hozz l\u00e9tre egy \u00faj fi\u00f3kot, vagy jelentkezz be a megl\u00e9v\u0151be. Friss\u00edtsd az adataidat, hogy minden \u00faj aj\u00e1nlatr\u00f3l \u00e9rtes\u00fclhess.<\/li>\n\n\n\n<li><strong>Figyeld a prom\u00f3ci\u00f3kat<\/strong>: Mivel <strong><a href=\"\/hu\/\">Yep Casino<\/a><\/strong> nem mindig k\u00edn\u00e1l akt\u00edv prom\u00f3ci\u00f3s k\u00f3dokat, fontos, hogy rendszeresen ellen\u0151rizd az emailedet \u00e9s a kaszin\u00f3 prom\u00f3ci\u00f3s oldal\u00e1t \u00faj <strong>b\u00f3nuszk\u00f3dok<\/strong> \u00e9s k\u00fcl\u00f6nleges aj\u00e1nlatok miatt.<\/li>\n\n\n\n<li><strong>Aktiv\u00e1ld a k\u00f3dot<\/strong>: Ha tal\u00e1lsz egy akt\u00edv prom\u00f3ci\u00f3s k\u00f3dot, keresd meg a b\u00f3nusz szekci\u00f3t a fi\u00f3kodban, \u00e9s aktiv\u00e1ld a k\u00f3dot a befizet\u00e9s el\u0151tt. Ez a kulcs ahhoz, hogy megkapd a k\u00f3dhoz tartoz\u00f3 b\u00f3nuszt.<\/li>\n\n\n\n<li><strong>J\u00e1tssz \u00e9s \u00e9lvezd<\/strong>: A k\u00f3d aktiv\u00e1l\u00e1sa ut\u00e1n, ha sz\u00fcks\u00e9ges, fizess be, majd \u00e9lvezd a b\u00f3nusz jutalmakat a kedvenc Yep Casino nyer\u0151g\u00e9peiden.<\/li>\n<\/ol>\n\n\n\n<h2 class=\"wp-block-heading\"><span class=\"ez-toc-section\" id=\"Yep_Casino_promocios_kodok_listaja\"><\/span>Yep Casino prom\u00f3ci\u00f3s k\u00f3dok list\u00e1ja<span class=\"ez-toc-section-end\"><\/span><\/h2>\n\n\n\n<p>Jelenleg a Yep Casino-n\u00e1l nincs el\u00e9rhet\u0151, akt\u00edv prom\u00f3ci\u00f3s k\u00f3d. Ennek ellen\u00e9re \u00e9rdemes rendszeresen figyelni a <strong><a href=\"\/hu\/bonuszok\/\">Yep Casino b\u00f3nuszok<\/a><\/strong> oldal\u00e1t, mert a j\u00f6v\u0151ben \u00faj k\u00f3dok jelenhetnek meg k\u00fcl\u00f6nleges esem\u00e9nyekhez vagy id\u0151szakos aj\u00e1nlatokhoz. Maradj naprak\u00e9sz, hogy soha ne maradj le egyetlen izgalmas kaszin\u00f3 b\u00f3nuszk\u00f3dr\u00f3l sem, amelyek feldobhatj\u00e1k a j\u00e1t\u00e9k\u00e9lm\u00e9nyedet.<\/p>\n\n\n\n<h3 class=\"wp-block-heading\">Yep Casino befizet\u00e9s n\u00e9lk\u00fcli ingyen p\u00f6rget\u00e9s b\u00f3nuszk\u00f3d<\/h3>\n\n\n\n<p>Jelenleg a <strong><a href=\"\/hu\/bonuszok\/nelkuli-ingyenes-porgetesek\/\">Yep Casino befizet\u00e9s n\u00e9lk\u00fcli ingyen p\u00f6rget\u00e9sek<\/a><\/strong> nem \u00e9rhet\u0151k el konkr\u00e9t prom\u00f3ci\u00f3s k\u00f3ddal. B\u00e1r most \u00e9ppen nincs ilyen aj\u00e1nlat, a Yep Casino rendszeresen friss\u00edti prom\u00f3ci\u00f3it, \u00edgy a j\u00f6v\u0151ben b\u00e1rmikor megjelenhetnek \u00faj befizet\u00e9s n\u00e9lk\u00fcli ingyen p\u00f6rget\u00e9s b\u00f3nuszk\u00f3dok. Mivel ezek az aj\u00e1nlatok gyakran speci\u00e1lis esem\u00e9nyekhez, id\u0151szakos prom\u00f3ci\u00f3khoz vagy exkluz\u00edv kamp\u00e1nyokhoz k\u00f6t\u00f6ttek, fontos, hogy rendszeresen ellen\u0151rizd a prom\u00f3ci\u00f3s oldalt, vagy iratkozz fel az \u00e9rtes\u00edt\u00e9sekre, hogy mindig \u00e9rtes\u00fclj a leg\u00fajabb lehet\u0151s\u00e9gekr\u0151l.<\/p>\n\n\n\n<h3 class=\"wp-block-heading\">Yep Casino \u00fcdv\u00f6zl\u0151 b\u00f3nusz prom\u00f3ci\u00f3s k\u00f3d<\/h3>\n\n\n\n<p>Jelenleg a Yep Casino nem k\u00edn\u00e1l k\u00fcl\u00f6n \u00fcdv\u00f6zl\u0151 b\u00f3nusz prom\u00f3ci\u00f3s k\u00f3dot \u00faj j\u00e1t\u00e9kosok sz\u00e1m\u00e1ra. Ez azonban nem jelenti azt, hogy lemaradn\u00e1l egy izgalmas aj\u00e1nlatr\u00f3l! Az \u00faj j\u00e1t\u00e9kosok tov\u00e1bbra is teljes m\u00e9rt\u00e9kben kihaszn\u00e1lhatj\u00e1k az \u00fcdv\u00f6zl\u0151 b\u00f3nuszt, ha egyszer\u0171en aktiv\u00e1lj\u00e1k azt a saj\u00e1t profiljukon kereszt\u00fcl. A folyamat gyors \u00e9s egyszer\u0171\u2014regisztr\u00e1ci\u00f3 \u00e9s bejelentkez\u00e9s ut\u00e1n n\u00e9h\u00e1ny kattint\u00e1ssal aktiv\u00e1lhatod az \u00fcdv\u00f6zl\u0151 b\u00f3nuszt, \u00edgy prom\u00f3ci\u00f3s k\u00f3d n\u00e9lk\u00fcl is \u00e9lvezheted az el\u0151ny\u00f6ket.<\/p>\n\n\n\n<p>A Yep Casino \u00fcdv\u00f6zl\u0151 b\u00f3nusza \u00e1ltal\u00e1ban befizet\u00e9si b\u00f3nuszokat \u00e9s ingyen p\u00f6rget\u00e9seket tartalmaz a n\u00e9pszer\u0171 Yep Casino nyer\u0151g\u00e9peken. Ez remek lehet\u0151s\u00e9g a j\u00e1t\u00e9k elkezd\u00e9s\u00e9hez: extra lend\u00fcletet ad, hogy felfedezd a k\u00fcl\u00f6nb\u00f6z\u0151 j\u00e1t\u00e9kokat, \u00e9s m\u00e1r az elej\u00e9n n\u00f6veld a nyer\u00e9si es\u00e9lyeidet.<\/p>\n\n\n\n<h3 class=\"wp-block-heading\">Yep Casino ingyenes p\u00f6rget\u00e9s b\u00f3nuszk\u00f3d<\/h3>\n\n\n\n<p>Jelenleg nincs akt\u00edv Yep Casino ingyenes p\u00f6rget\u00e9s b\u00f3nuszk\u00f3d. Azonban <strong><a href=\"\/hu\/bonuszok\/nelkuli-ingyenes-porgetesek\/\">a Yep Casino ingyenes p\u00f6rget\u00e9sei<\/a><\/strong> gyakran szerepelnek prom\u00f3ci\u00f3kban. A Yep Casino rendszeresen k\u00edn\u00e1l id\u0151szakos aj\u00e1nlatokat, amelyekben az ingyenes p\u00f6rget\u00e9sek befizet\u00e9si b\u00f3nusz, VIP jutalom vagy k\u00fcl\u00f6nleges esem\u00e9ny r\u00e9szek\u00e9nt \u00e9rhet\u0151k el. Ezek a prom\u00f3ci\u00f3k gyakran v\u00e1ltoznak, ez\u00e9rt \u00e9rdemes rendszeresen ellen\u0151rizni a prom\u00f3ci\u00f3s oldalt, vagy feliratkozni az \u00e9rtes\u00edt\u00e9sekre, hogy ne maradj le a j\u00f6v\u0151beli ingyenes p\u00f6rget\u00e9s b\u00f3nuszk\u00f3dokr\u00f3l.<\/p>\n\n\n\n<h2 class=\"wp-block-heading\"><span class=\"ez-toc-section\" id=\"Yep_Casino_bonuszkodok_GYIK\"><\/span>Yep Casino b\u00f3nuszk\u00f3dok GYIK<span class=\"ez-toc-section-end\"><\/span><\/h2>\n\n\n\n<h3 class=\"wp-block-heading\">El\u00e9rhet\u0151 most Yep Casino b\u00f3nuszk\u00f3d?<\/h3>\n\n\n\n<p>Jelenleg a Yep Casino b\u00f3nuszok aktiv\u00e1l\u00e1s\u00e1hoz nem sz\u00fcks\u00e9ges prom\u00f3ci\u00f3s k\u00f3d. \u00c9rdemes visszan\u00e9zni id\u0151nk\u00e9nt, mert k\u00fcl\u00f6nleges esem\u00e9nyekhez vagy aj\u00e1nlatokhoz \u00faj k\u00f3dok jelenhetnek meg.<\/p>\n\n\n\n<h3 class=\"wp-block-heading\">A Yep Casino b\u00f3nuszk\u00f3dok csak ingyenes p\u00f6rget\u00e9sekre vonatkoznak?<\/h3>\n\n\n\n<p>Nem, a Yep Casino b\u00f3nuszk\u00f3dok t\u00f6bbf\u00e9le b\u00f3nuszra is \u00e9rv\u00e9nyesek lehetnek, p\u00e9ld\u00e1ul ingyenes p\u00f6rget\u00e9sekre, befizet\u00e9si b\u00f3nuszokra vagy m\u00e1s prom\u00f3ci\u00f3s jutalmakra. Mivel jelenleg nincs akt\u00edv prom\u00f3ci\u00f3s k\u00f3d, fontos figyelemmel k\u00eds\u00e9rni a Yep Casino prom\u00f3ci\u00f3s oldal\u00e1t, hogy a j\u00f6v\u0151ben megjelen\u0151 k\u00f3dokkal k\u00fcl\u00f6nf\u00e9le b\u00f3nuszokat, p\u00e9ld\u00e1ul ingyenes p\u00f6rget\u00e9seket is megszerezhess a nyer\u0151g\u00e9peken.<\/p>\n","protected":false},"excerpt":{"rendered":"<p>Ha szeretn\u00e9d a legt\u00f6bbet kihozni a Yep Casino \u00e9lm\u00e9nyedb\u0151l, a prom\u00f3k\u00f3dok remek lehet\u0151s\u00e9get k\u00edn\u00e1lnak, hogy k\u00fcl\u00f6nleges aj\u00e1nlatokat oldj fel \u00e9s m\u00e9g izgalmasabb\u00e1 tedd a j\u00e1t\u00e9kot. Ezekkel a k\u00f3dokkal izgalmas jutalmakat szerezhetsz, p\u00e9ld\u00e1ul ingyenes p\u00f6rget\u00e9seket, b\u00f3nusz \u00f6sszegeket vagy exkluz\u00edv b\u00f3nuszokat \u2013 mindezek n\u00f6velik a nyer\u00e9si es\u00e9lyeidet. A jutalmaknak k\u00f6sz\u00f6nhet\u0151en nem kell plusz p\u00e9nzt k\u00f6ltened ahhoz, hogy &#8230; <a title=\"Yep Casino prom\u00f3k\u00f3dok\" class=\"read-more\" href=\"https:\/\/yepcasino.org\/hu\/bonuszok\/promocios-kodok\/\" aria-label=\"Read more about Yep Casino prom\u00f3k\u00f3dok\">Olvass tov\u00e1bb<\/a><\/p>\n","protected":false},"author":1,"featured_media":80,"parent":54,"menu_order":0,"comment_status":"closed","ping_status":"closed","template":"","meta":{"_acf_changed":false,"_uag_custom_page_level_css":"","footnotes":""},"class_list":["post-79","page","type-page","status-publish","has-post-thumbnail"],"acf":[],"yoast_head":"<!-- This site is optimized with the Yoast SEO plugin v26.5 - https:\/\/yoast.com\/wordpress\/plugins\/seo\/ -->\n<title>Yep Casino prom\u00f3k\u00f3dok \u2013 B\u00f3nuszok \u00e9s ingyenes p\u00f6rget\u00e9sek ig\u00e9nyl\u00e9se<\/title>\n<meta name=\"description\" content=\"Tal\u00e1ld meg a Yep Casino prom\u00f3k\u00f3dokat ingyenes p\u00f6rget\u00e9sekhez, befizet\u00e9si b\u00f3nuszokhoz \u00e9s m\u00e9g sok m\u00e1shoz. Maradj naprak\u00e9sz a leg\u00fajabb aj\u00e1nlatokkal!\" \/>\n<meta name=\"robots\" content=\"index, follow, max-snippet:-1, max-image-preview:large, max-video-preview:-1\" \/>\n<link rel=\"canonical\" href=\"https:\/\/yepcasino.org\/hu\/bonuszok\/promocios-kodok\/\" \/>\n<meta property=\"og:locale\" content=\"hu_HU\" \/>\n<meta property=\"og:type\" content=\"article\" \/>\n<meta property=\"og:title\" content=\"Yep Casino prom\u00f3k\u00f3dok \u2013 B\u00f3nuszok \u00e9s ingyenes p\u00f6rget\u00e9sek ig\u00e9nyl\u00e9se\" \/>\n<meta property=\"og:description\" content=\"Tal\u00e1ld meg a Yep Casino prom\u00f3k\u00f3dokat ingyenes p\u00f6rget\u00e9sekhez, befizet\u00e9si b\u00f3nuszokhoz \u00e9s m\u00e9g sok m\u00e1shoz. Maradj naprak\u00e9sz a leg\u00fajabb aj\u00e1nlatokkal!\" \/>\n<meta property=\"og:url\" content=\"https:\/\/yepcasino.org\/hu\/bonuszok\/promocios-kodok\/\" \/>\n<meta property=\"og:site_name\" content=\"Yepcasino Hungary\" \/>\n<meta property=\"article:modified_time\" content=\"2026-03-17T10:50:18+00:00\" \/>\n<meta property=\"og:image\" content=\"https:\/\/yepcasino.org\/hu\/wp-content\/uploads\/sites\/5\/2026\/03\/yepcasino.org-promo-codes-featured.webp\" \/>\n\t<meta property=\"og:image:width\" content=\"300\" \/>\n\t<meta property=\"og:image:height\" content=\"300\" \/>\n\t<meta property=\"og:image:type\" content=\"image\/webp\" \/>\n<meta name=\"twitter:card\" content=\"summary_large_image\" \/>\n<meta name=\"twitter:label1\" content=\"Becs\u00fclt olvas\u00e1si id\u0151\" \/>\n\t<meta name=\"twitter:data1\" content=\"4 perc\" \/>\n<script type=\"application\/ld+json\" class=\"yoast-schema-graph\">{\"@context\":\"https:\/\/schema.org\",\"@graph\":[{\"@type\":\"WebPage\",\"@id\":\"https:\/\/yepcasino.org\/hu\/bonuszok\/promocios-kodok\/\",\"url\":\"https:\/\/yepcasino.org\/hu\/bonuszok\/promocios-kodok\/\",\"name\":\"Yep Casino prom\u00f3k\u00f3dok \u2013 B\u00f3nuszok \u00e9s ingyenes p\u00f6rget\u00e9sek ig\u00e9nyl\u00e9se\",\"isPartOf\":{\"@id\":\"https:\/\/yepcasino.org\/hu\/#website\"},\"primaryImageOfPage\":{\"@id\":\"https:\/\/yepcasino.org\/hu\/bonuszok\/promocios-kodok\/#primaryimage\"},\"image\":{\"@id\":\"https:\/\/yepcasino.org\/hu\/bonuszok\/promocios-kodok\/#primaryimage\"},\"thumbnailUrl\":\"https:\/\/yepcasino.org\/hu\/wp-content\/uploads\/sites\/5\/2026\/03\/yepcasino.org-promo-codes-featured.webp\",\"datePublished\":\"2026-03-17T10:50:17+00:00\",\"dateModified\":\"2026-03-17T10:50:18+00:00\",\"description\":\"Tal\u00e1ld meg a Yep Casino prom\u00f3k\u00f3dokat ingyenes p\u00f6rget\u00e9sekhez, befizet\u00e9si b\u00f3nuszokhoz \u00e9s m\u00e9g sok m\u00e1shoz. Maradj naprak\u00e9sz a leg\u00fajabb aj\u00e1nlatokkal!\",\"breadcrumb\":{\"@id\":\"https:\/\/yepcasino.org\/hu\/bonuszok\/promocios-kodok\/#breadcrumb\"},\"inLanguage\":\"hu\",\"potentialAction\":[{\"@type\":\"ReadAction\",\"target\":[\"https:\/\/yepcasino.org\/hu\/bonuszok\/promocios-kodok\/\"]}]},{\"@type\":\"ImageObject\",\"inLanguage\":\"hu\",\"@id\":\"https:\/\/yepcasino.org\/hu\/bonuszok\/promocios-kodok\/#primaryimage\",\"url\":\"https:\/\/yepcasino.org\/hu\/wp-content\/uploads\/sites\/5\/2026\/03\/yepcasino.org-promo-codes-featured.webp\",\"contentUrl\":\"https:\/\/yepcasino.org\/hu\/wp-content\/uploads\/sites\/5\/2026\/03\/yepcasino.org-promo-codes-featured.webp\",\"width\":300,\"height\":300,\"caption\":\"Yep Casino log\u00f3 fekete, s\u00e1rga \u00e9s feh\u00e9r sz\u00ednekben, alatta a \\\"Prom\u00f3k\u00f3dok\\\" felirattal, mellette egy aj\u00e1nd\u00e9kdoboz \u00e9s egy jegy, csillagokkal k\u00f6r\u00fclv\u00e9ve.\"},{\"@type\":\"BreadcrumbList\",\"@id\":\"https:\/\/yepcasino.org\/hu\/bonuszok\/promocios-kodok\/#breadcrumb\",\"itemListElement\":[{\"@type\":\"ListItem\",\"position\":1,\"name\":\"Home\",\"item\":\"https:\/\/yepcasino.org\/hu\/\"},{\"@type\":\"ListItem\",\"position\":2,\"name\":\"Yep Casino b\u00f3nusz\",\"item\":\"https:\/\/yepcasino.org\/hu\/bonuszok\/\"},{\"@type\":\"ListItem\",\"position\":3,\"name\":\"Yep Casino prom\u00f3k\u00f3dok\"}]},{\"@type\":\"WebSite\",\"@id\":\"https:\/\/yepcasino.org\/hu\/#website\",\"url\":\"https:\/\/yepcasino.org\/hu\/\",\"name\":\"Yepcasino Hungary\",\"description\":\"\",\"publisher\":{\"@id\":\"https:\/\/yepcasino.org\/hu\/#organization\"},\"potentialAction\":[{\"@type\":\"SearchAction\",\"target\":{\"@type\":\"EntryPoint\",\"urlTemplate\":\"https:\/\/yepcasino.org\/hu\/?s={search_term_string}\"},\"query-input\":{\"@type\":\"PropertyValueSpecification\",\"valueRequired\":true,\"valueName\":\"search_term_string\"}}],\"inLanguage\":\"hu\"},{\"@type\":\"Organization\",\"@id\":\"https:\/\/yepcasino.org\/hu\/#organization\",\"name\":\"Yepcasino Hungary\",\"url\":\"https:\/\/yepcasino.org\/hu\/\",\"logo\":{\"@type\":\"ImageObject\",\"inLanguage\":\"hu\",\"@id\":\"https:\/\/yepcasino.org\/hu\/#\/schema\/logo\/image\/\",\"url\":\"https:\/\/yepcasino.org\/hu\/wp-content\/uploads\/sites\/5\/2026\/03\/Yepcasino.png\",\"contentUrl\":\"https:\/\/yepcasino.org\/hu\/wp-content\/uploads\/sites\/5\/2026\/03\/Yepcasino.png\",\"width\":246,\"height\":127,\"caption\":\"Yepcasino Hungary\"},\"image\":{\"@id\":\"https:\/\/yepcasino.org\/hu\/#\/schema\/logo\/image\/\"}}]}<\/script>\n<!-- \/ Yoast SEO plugin. -->","yoast_head_json":{"title":"Yep Casino prom\u00f3k\u00f3dok \u2013 B\u00f3nuszok \u00e9s ingyenes p\u00f6rget\u00e9sek ig\u00e9nyl\u00e9se","description":"Tal\u00e1ld meg a Yep Casino prom\u00f3k\u00f3dokat ingyenes p\u00f6rget\u00e9sekhez, befizet\u00e9si b\u00f3nuszokhoz \u00e9s m\u00e9g sok m\u00e1shoz. Maradj naprak\u00e9sz a leg\u00fajabb aj\u00e1nlatokkal!","robots":{"index":"index","follow":"follow","max-snippet":"max-snippet:-1","max-image-preview":"max-image-preview:large","max-video-preview":"max-video-preview:-1"},"canonical":"https:\/\/yepcasino.org\/hu\/bonuszok\/promocios-kodok\/","og_locale":"hu_HU","og_type":"article","og_title":"Yep Casino prom\u00f3k\u00f3dok \u2013 B\u00f3nuszok \u00e9s ingyenes p\u00f6rget\u00e9sek ig\u00e9nyl\u00e9se","og_description":"Tal\u00e1ld meg a Yep Casino prom\u00f3k\u00f3dokat ingyenes p\u00f6rget\u00e9sekhez, befizet\u00e9si b\u00f3nuszokhoz \u00e9s m\u00e9g sok m\u00e1shoz. Maradj naprak\u00e9sz a leg\u00fajabb aj\u00e1nlatokkal!","og_url":"https:\/\/yepcasino.org\/hu\/bonuszok\/promocios-kodok\/","og_site_name":"Yepcasino Hungary","article_modified_time":"2026-03-17T10:50:18+00:00","og_image":[{"width":300,"height":300,"url":"https:\/\/yepcasino.org\/hu\/wp-content\/uploads\/sites\/5\/2026\/03\/yepcasino.org-promo-codes-featured.webp","type":"image\/webp"}],"twitter_card":"summary_large_image","twitter_misc":{"Becs\u00fclt olvas\u00e1si id\u0151":"4 perc"},"schema":{"@context":"https:\/\/schema.org","@graph":[{"@type":"WebPage","@id":"https:\/\/yepcasino.org\/hu\/bonuszok\/promocios-kodok\/","url":"https:\/\/yepcasino.org\/hu\/bonuszok\/promocios-kodok\/","name":"Yep Casino prom\u00f3k\u00f3dok \u2013 B\u00f3nuszok \u00e9s ingyenes p\u00f6rget\u00e9sek ig\u00e9nyl\u00e9se","isPartOf":{"@id":"https:\/\/yepcasino.org\/hu\/#website"},"primaryImageOfPage":{"@id":"https:\/\/yepcasino.org\/hu\/bonuszok\/promocios-kodok\/#primaryimage"},"image":{"@id":"https:\/\/yepcasino.org\/hu\/bonuszok\/promocios-kodok\/#primaryimage"},"thumbnailUrl":"https:\/\/yepcasino.org\/hu\/wp-content\/uploads\/sites\/5\/2026\/03\/yepcasino.org-promo-codes-featured.webp","datePublished":"2026-03-17T10:50:17+00:00","dateModified":"2026-03-17T10:50:18+00:00","description":"Tal\u00e1ld meg a Yep Casino prom\u00f3k\u00f3dokat ingyenes p\u00f6rget\u00e9sekhez, befizet\u00e9si b\u00f3nuszokhoz \u00e9s m\u00e9g sok m\u00e1shoz. Maradj naprak\u00e9sz a leg\u00fajabb aj\u00e1nlatokkal!","breadcrumb":{"@id":"https:\/\/yepcasino.org\/hu\/bonuszok\/promocios-kodok\/#breadcrumb"},"inLanguage":"hu","potentialAction":[{"@type":"ReadAction","target":["https:\/\/yepcasino.org\/hu\/bonuszok\/promocios-kodok\/"]}]},{"@type":"ImageObject","inLanguage":"hu","@id":"https:\/\/yepcasino.org\/hu\/bonuszok\/promocios-kodok\/#primaryimage","url":"https:\/\/yepcasino.org\/hu\/wp-content\/uploads\/sites\/5\/2026\/03\/yepcasino.org-promo-codes-featured.webp","contentUrl":"https:\/\/yepcasino.org\/hu\/wp-content\/uploads\/sites\/5\/2026\/03\/yepcasino.org-promo-codes-featured.webp","width":300,"height":300,"caption":"Yep Casino log\u00f3 fekete, s\u00e1rga \u00e9s feh\u00e9r sz\u00ednekben, alatta a \"Prom\u00f3k\u00f3dok\" felirattal, mellette egy aj\u00e1nd\u00e9kdoboz \u00e9s egy jegy, csillagokkal k\u00f6r\u00fclv\u00e9ve."},{"@type":"BreadcrumbList","@id":"https:\/\/yepcasino.org\/hu\/bonuszok\/promocios-kodok\/#breadcrumb","itemListElement":[{"@type":"ListItem","position":1,"name":"Home","item":"https:\/\/yepcasino.org\/hu\/"},{"@type":"ListItem","position":2,"name":"Yep Casino b\u00f3nusz","item":"https:\/\/yepcasino.org\/hu\/bonuszok\/"},{"@type":"ListItem","position":3,"name":"Yep Casino prom\u00f3k\u00f3dok"}]},{"@type":"WebSite","@id":"https:\/\/yepcasino.org\/hu\/#website","url":"https:\/\/yepcasino.org\/hu\/","name":"Yepcasino Hungary","description":"","publisher":{"@id":"https:\/\/yepcasino.org\/hu\/#organization"},"potentialAction":[{"@type":"SearchAction","target":{"@type":"EntryPoint","urlTemplate":"https:\/\/yepcasino.org\/hu\/?s={search_term_string}"},"query-input":{"@type":"PropertyValueSpecification","valueRequired":true,"valueName":"search_term_string"}}],"inLanguage":"hu"},{"@type":"Organization","@id":"https:\/\/yepcasino.org\/hu\/#organization","name":"Yepcasino Hungary","url":"https:\/\/yepcasino.org\/hu\/","logo":{"@type":"ImageObject","inLanguage":"hu","@id":"https:\/\/yepcasino.org\/hu\/#\/schema\/logo\/image\/","url":"https:\/\/yepcasino.org\/hu\/wp-content\/uploads\/sites\/5\/2026\/03\/Yepcasino.png","contentUrl":"https:\/\/yepcasino.org\/hu\/wp-content\/uploads\/sites\/5\/2026\/03\/Yepcasino.png","width":246,"height":127,"caption":"Yepcasino Hungary"},"image":{"@id":"https:\/\/yepcasino.org\/hu\/#\/schema\/logo\/image\/"}}]}},"uagb_featured_image_src":{"full":["https:\/\/yepcasino.org\/hu\/wp-content\/uploads\/sites\/5\/2026\/03\/yepcasino.org-promo-codes-featured.webp",300,300,false],"thumbnail":["https:\/\/yepcasino.org\/hu\/wp-content\/uploads\/sites\/5\/2026\/03\/yepcasino.org-promo-codes-featured-150x150.webp",150,150,true],"medium":["https:\/\/yepcasino.org\/hu\/wp-content\/uploads\/sites\/5\/2026\/03\/yepcasino.org-promo-codes-featured.webp",300,300,false],"medium_large":["https:\/\/yepcasino.org\/hu\/wp-content\/uploads\/sites\/5\/2026\/03\/yepcasino.org-promo-codes-featured.webp",300,300,false],"large":["https:\/\/yepcasino.org\/hu\/wp-content\/uploads\/sites\/5\/2026\/03\/yepcasino.org-promo-codes-featured.webp",300,300,false],"1536x1536":["https:\/\/yepcasino.org\/hu\/wp-content\/uploads\/sites\/5\/2026\/03\/yepcasino.org-promo-codes-featured.webp",300,300,false],"2048x2048":["https:\/\/yepcasino.org\/hu\/wp-content\/uploads\/sites\/5\/2026\/03\/yepcasino.org-promo-codes-featured.webp",300,300,false]},"uagb_author_info":{"display_name":"admin","author_link":"https:\/\/yepcasino.org\/hu\/author\/admin\/"},"uagb_comment_info":0,"uagb_excerpt":"Ha szeretn\u00e9d a legt\u00f6bbet kihozni a Yep Casino \u00e9lm\u00e9nyedb\u0151l, a prom\u00f3k\u00f3dok remek lehet\u0151s\u00e9get k\u00edn\u00e1lnak, hogy k\u00fcl\u00f6nleges aj\u00e1nlatokat oldj fel \u00e9s m\u00e9g izgalmasabb\u00e1 tedd a j\u00e1t\u00e9kot. Ezekkel a k\u00f3dokkal izgalmas jutalmakat szerezhetsz, p\u00e9ld\u00e1ul ingyenes p\u00f6rget\u00e9seket, b\u00f3nusz \u00f6sszegeket vagy exkluz\u00edv b\u00f3nuszokat \u2013 mindezek n\u00f6velik a nyer\u00e9si es\u00e9lyeidet. A jutalmaknak k\u00f6sz\u00f6nhet\u0151en nem kell plusz p\u00e9nzt k\u00f6ltened ahhoz, hogy&hellip;","_links":{"self":[{"href":"https:\/\/yepcasino.org\/hu\/wp-json\/wp\/v2\/pages\/79","targetHints":{"allow":["GET"]}}],"collection":[{"href":"https:\/\/yepcasino.org\/hu\/wp-json\/wp\/v2\/pages"}],"about":[{"href":"https:\/\/yepcasino.org\/hu\/wp-json\/wp\/v2\/types\/page"}],"author":[{"embeddable":true,"href":"https:\/\/yepcasino.org\/hu\/wp-json\/wp\/v2\/users\/1"}],"replies":[{"embeddable":true,"href":"https:\/\/yepcasino.org\/hu\/wp-json\/wp\/v2\/comments?post=79"}],"version-history":[{"count":2,"href":"https:\/\/yepcasino.org\/hu\/wp-json\/wp\/v2\/pages\/79\/revisions"}],"predecessor-version":[{"id":82,"href":"https:\/\/yepcasino.org\/hu\/wp-json\/wp\/v2\/pages\/79\/revisions\/82"}],"up":[{"embeddable":true,"href":"https:\/\/yepcasino.org\/hu\/wp-json\/wp\/v2\/pages\/54"}],"wp:featuredmedia":[{"embeddable":true,"href":"https:\/\/yepcasino.org\/hu\/wp-json\/wp\/v2\/media\/80"}],"wp:attachment":[{"href":"https:\/\/yepcasino.org\/hu\/wp-json\/wp\/v2\/media?parent=79"}],"curies":[{"name":"wp","href":"https:\/\/api.w.org\/{rel}","templated":true}]}}